{"id":571,"date":"2018-11-06T13:28:17","date_gmt":"2018-11-06T16:28:17","guid":{"rendered":"https:\/\/culturalpalermo.com\/home\/?page_id=571"},"modified":"2024-02-02T13:09:04","modified_gmt":"2024-02-02T16:09:04","slug":"escuela-de-idiomas","status":"publish","type":"page","link":"https:\/\/culturalpalermo.com\/home\/escuela-de-idiomas\/","title":{"rendered":"Escuela de Idiomas &#8211; Ingl\u00e9s"},"content":{"rendered":"<p>[vc_row unlock_row=\u00bb\u00bb row_height_percent=\u00bb0&#8243; override_padding=\u00bbyes\u00bb h_padding=\u00bb0&#8243; top_padding=\u00bb0&#8243; bottom_padding=\u00bb0&#8243; overlay_alpha=\u00bb50&#8243; gutter_size=\u00bb3&#8243; column_width_percent=\u00bb100&#8243; shift_y=\u00bb0&#8243; z_index=\u00bb0&#8243; css=\u00bb.vc_custom_1538154742397{margin-top: -15px !important;padding-top: 15px !important;padding-right: 15px !important;padding-bottom: 15px !important;padding-left: 15px !important;}\u00bb][vc_column column_width_percent=\u00bb100&#8243; position_vertical=\u00bbmiddle\u00bb align_horizontal=\u00bbalign_center\u00bb overlay_alpha=\u00bb50&#8243; gutter_size=\u00bb1&#8243; medium_width=\u00bb0&#8243; mobile_visibility=\u00bbyes\u00bb mobile_width=\u00bb0&#8243; shift_x=\u00bb0&#8243; shift_y=\u00bb0&#8243; shift_y_down=\u00bb0&#8243; z_index=\u00bb0&#8243; width=\u00bb1\/1&#8243; css=\u00bb.vc_custom_1538747814684{padding-top: 15px !important;padding-right: 15px !important;padding-bottom: 15px !important;padding-left: 15px !important;}\u00bb][vc_wp_text]<a href=\"#\"><img decoding=\"async\" src=\"\" \/><\/a><\/p>\n<p class=\"promo_text\"><\/p>\n<p>[\/vc_wp_text][\/vc_column][\/vc_row][vc_row row_height_percent=\u00bb0&#8243; overlay_alpha=\u00bb50&#8243; gutter_size=\u00bb3&#8243; column_width_percent=\u00bb100&#8243; desktop_visibility=\u00bbyes\u00bb medium_visibility=\u00bbyes\u00bb shift_y=\u00bb0&#8243; z_index=\u00bb0&#8243; css=\u00bb.vc_custom_1543059720574{margin-top: -15px !important;padding-top: 15px !important;padding-right: 0px !important;padding-bottom: 15px !important;padding-left: 0px !important;}\u00bb][vc_column column_width_percent=\u00bb100&#8243; position_vertical=\u00bbmiddle\u00bb align_horizontal=\u00bbalign_center\u00bb overlay_alpha=\u00bb50&#8243; gutter_size=\u00bb1&#8243; medium_width=\u00bb0&#8243; mobile_width=\u00bb0&#8243; shift_x=\u00bb0&#8243; shift_y=\u00bb0&#8243; shift_y_down=\u00bb0&#8243; z_index=\u00bb0&#8243; width=\u00bb1\/1&#8243; css=\u00bb.vc_custom_1543059660659{padding-top: 15px !important;padding-right: 15px !important;padding-bottom: 15px !important;padding-left: 15px !important;}\u00bb][vc_wp_text]<a href=\"#\"><img decoding=\"async\" src=\"\" \/><\/a><\/p>\n<p class=\"promo_text\"><\/p>\n<p>[\/vc_wp_text][\/vc_column][\/vc_row][vc_row][vc_column width=\u00bb1\/1&#8243;][vc_custom_heading text_color=\u00bbaccent\u00bb]Ingl\u00e9s[\/vc_custom_heading][vc_tabs vertical=\u00bbyes\u00bb][vc_tab title=\u00bb\u00bfQui\u00e9nes somos?\u00bb tab_id=\u00bb1540070237-1-591543255536469&#8243;][vc_column_text]<\/p>\n<h4>EN LA CULTURAL INGLESA DE PALERMO TENEMOS PASI\u00d3N POR AYUDARTE A ALCANZAR TUS OBJETIVOS EN INGL\u00c9S.<\/h4>\n<p>Somos una escuela de idiomas independiente, din\u00e1mica y con esp\u00edritu innovador que ofrece una amplia variedad de cursos de ingl\u00e9s a cargo de un grupo de profesores con experiencia y un alto grado de dedicaci\u00f3n.<\/p>\n<p>Nos aseguramos que disfrutes tu camino de aprendizaje o, como lo llamamos nosotros, tu pathway, en un ambiente amigable y seguro.[\/vc_column_text][\/vc_tab][vc_tab title=\u00bbExperiencia en Aprendizaje\u00bb tab_id=\u00bb1540070237-2-541543255536469&#8243;][vc_column_text]<\/p>\n<h4>LA ENSE\u00d1ANZA EN LA CULTURAL INGLESA DE PALERMO INCLUYE:<\/h4>\n<ul>\n<li>An\u00e1lisis de necesidades y prueba de nivel escrita y oral, gratuita.<\/li>\n<li>M\u00e1ximo de 12 alumnos por grupo (6 en clases en empresas)<\/li>\n<li>Control de asistencia diario e individualizado<\/li>\n<li>Seguimiento personalizado de su progreso<\/li>\n<li>Evaluaci\u00f3n individual y tutor\u00edas sin costo para alumnos con necesidades especiales a cargo de nuestra coordinadora.<\/li>\n<li>Preparaci\u00f3n opcional para los ex\u00e1menes internacionales sin coste adicional<\/li>\n<li>Disponibilidad de un equipo de atenci\u00f3n y de una coordinadora pedag\u00f3gica para asesoramiento y atenci\u00f3n de dudas y consultas<\/li>\n<li>Utilizaci\u00f3n gratuita de recursos pedag\u00f3gicos: web campus, conversation club, Play &amp; Learn program, story telling para chicos.<\/li>\n<li>Students\u2019 assessment grid report del nivel alcanzado y habilidades incorporadas al t\u00e9rmino del cada curso<\/li>\n<\/ul>\n<p>[\/vc_column_text][\/vc_tab][vc_tab title=\u00bbNuestros Cursos\u00bb tab_id=\u00bb1549463355625-7-6&#8243;][vc_column_text]Contamos con propuestas para todas las edades.[\/vc_column_text][vc_empty_space empty_h=\u00bb1&#8243;][vc_single_image media=\u00bb791&#8243; media_width_percent=\u00bb90&#8243; media_ratio=\u00bbtwentyone-nine\u00bb advanced=\u00bbyes\u00bb media_items=\u00bbmedia|original,title\u00bb media_overlay_color=\u00bbcolor-178778&#8243; media_overlay_coloration=\u00bbbottom_gradient\u00bb media_overlay_opacity=\u00bb50&#8243; media_text_visible=\u00bbyes\u00bb media_text_anim=\u00bbno\u00bb media_overlay_visible=\u00bbyes\u00bb media_v_position=\u00bbbottom\u00bb media_padding=\u00bb1&#8243; media_text_reduced=\u00bbyes\u00bb media_title_transform=\u00bbcapitalize\u00bb media_title_dimension=\u00bbh2&#8243; media_link=\u00bburl:%5Bsupsystic-show-popup%20id%3D100%5D|||\u00bb el_class=\u00bbcurso-a popmake-1128&#8243;][vc_empty_space empty_h=\u00bb0&#8243;][vc_single_image media=\u00bb795&#8243; media_width_percent=\u00bb90&#8243; media_ratio=\u00bbtwentyone-nine\u00bb advanced=\u00bbyes\u00bb media_items=\u00bbmedia|original,title\u00bb media_overlay_color=\u00bbcolor-178778&#8243; media_overlay_coloration=\u00bbbottom_gradient\u00bb media_overlay_opacity=\u00bb50&#8243; media_text_visible=\u00bbyes\u00bb media_text_anim=\u00bbno\u00bb media_overlay_visible=\u00bbyes\u00bb media_v_position=\u00bbbottom\u00bb media_padding=\u00bb1&#8243; media_text_reduced=\u00bbyes\u00bb media_title_transform=\u00bbcapitalize\u00bb media_title_dimension=\u00bbh2&#8243; media_link=\u00bburl:%5Bsupsystic-show-popup%20id%3D101%5D|||\u00bb el_class=\u00bbcurso-a popmake-1132&#8243;][vc_empty_space empty_h=\u00bb0&#8243;][vc_single_image media=\u00bb798&#8243; media_width_percent=\u00bb90&#8243; media_ratio=\u00bbtwentyone-nine\u00bb advanced=\u00bbyes\u00bb media_items=\u00bbmedia|original,title\u00bb media_overlay_color=\u00bbcolor-178778&#8243; media_overlay_coloration=\u00bbbottom_gradient\u00bb media_overlay_opacity=\u00bb50&#8243; media_text_visible=\u00bbyes\u00bb media_text_anim=\u00bbno\u00bb media_overlay_visible=\u00bbyes\u00bb media_v_position=\u00bbbottom\u00bb media_padding=\u00bb1&#8243; media_text_reduced=\u00bbyes\u00bb media_title_transform=\u00bbcapitalize\u00bb media_title_dimension=\u00bbh2&#8243; media_link=\u00bburl:http%3A%2F%2F%5Bsupsystic-show-popup%20id%3D102%5D|||\u00bb el_class=\u00bbcurso-a popmake-1134&#8243;][vc_empty_space empty_h=\u00bb0&#8243;][vc_single_image media=\u00bb799&#8243; media_width_percent=\u00bb90&#8243; media_ratio=\u00bbtwentyone-nine\u00bb advanced=\u00bbyes\u00bb media_items=\u00bbmedia|original,title\u00bb media_overlay_color=\u00bbcolor-178778&#8243; media_overlay_coloration=\u00bbbottom_gradient\u00bb media_overlay_opacity=\u00bb50&#8243; media_text_visible=\u00bbyes\u00bb media_text_anim=\u00bbno\u00bb media_overlay_visible=\u00bbyes\u00bb media_v_position=\u00bbbottom\u00bb media_padding=\u00bb1&#8243; media_text_reduced=\u00bbyes\u00bb media_title_transform=\u00bbcapitalize\u00bb media_title_dimension=\u00bbh2&#8243; media_link=\u00bburl:http%3A%2F%2F%5Bsupsystic-show-popup%20id%3D103%5D|||\u00bb el_class=\u00bbcurso-a popmake-1136&#8243;][\/vc_tab][vc_tab title=\u00bbNiveles\u00bb tab_id=\u00bb1540070568216-2-21543255536469&#8243;][vc_column_text]<\/p>\n<h4>MARCO COM\u00daN DE REFERENCIA EUROPEO<\/h4>\n<p>El\u00a0<b>Marco Com\u00fan Europeo<\/b>\u00a0de Referencia establece una serie de niveles para todas las lenguas a partir de los cuales se favorece la comparaci\u00f3n u homologaci\u00f3n de los distintos t\u00edtulos emitidos por las entidades certificadas.<\/p>\n<p>El\u00a0<b>Departamento de Ingl\u00e9s de la Cultural Inglesa de Palermo<\/b>\u00a0ha adoptado la misma nivelaci\u00f3n, dividiendo cada curso en subniveles para una mejor comprensi\u00f3n y puesta en pr\u00e1ctica de los contenidos.<\/p>\n<h3>\u00bfCu\u00e1ndo se adquiere cada nivel?<\/h3>\n<ul class=\"long-paragraph\">\n<li><b>Nivel A1<\/b>: Se adquiere cuando el estudiante es capaz de comprender y utilizar expresiones cotidianas de uso muy frecuente as\u00ed como frases sencillas destinadas a satisfacer necesidades de tipo inmediato; cuando puede presentarse a s\u00ed mismo y a otros, pedir y dar informaci\u00f3n personal b\u00e1sica sobre su domicilio, sus pertenencias y las personas que conoce y cuando puede relacionarse de forma elemental siempre que su interlocutor hable despacio y con claridad y est\u00e9 dispuesto a cooperar.<\/li>\n<li><b>Nivel A2<\/b>: Se adquiere cuando el estudiante es capaz de comprender frases y expresiones de uso frecuente relacionadas con \u00e1reas de experiencia que le son especialmente relevantes (informaci\u00f3n b\u00e1sica sobre s\u00ed mismo y su familia, compras, lugares de inter\u00e9s, ocupaciones, etc.); cuando sabe comunicarse a la hora de llevar a cabo tareas simples y cotidianas que no requieran m\u00e1s que intercambios sencillos y directos de informaci\u00f3n sobre cuestiones que le son conocidas o habituales y cuando sabe describir en t\u00e9rminos sencillos aspectos de su pasado y su entorno as\u00ed como cuestiones relacionadas con sus necesidades inmediatas.<\/li>\n<li><b>Nivel B1<\/b>: Se adquiere cuando el estudiante es capaz de comprender los puntos principales de textos claros y en lengua est\u00e1ndar si tratan sobre cuestiones que le son conocidas, ya sea en situaciones de trabajo, de estudio o de ocio; cuando sabe desenvolverse en la mayor parte de las situaciones que pueden surgir durante un viaje por zonas donde se utiliza la lengua; cuando es capaz de producir textos sencillos y coherentes sobre temas que le son familiares o en los que tiene un inter\u00e9s personal y cuando puede describir experiencias, acontecimientos, deseos y aspiraciones, as\u00ed como justificar brevemente sus opiniones o explicar sus planes.<\/li>\n<li><b>Nivel B2<\/b>: Se adquiere cuando el estudiante es capaz de entender las ideas principales de textos complejos que traten de temas tanto concretos como abstractos, incluso si son de car\u00e1cter t\u00e9cnico siempre que est\u00e9n dentro de su campo de especializaci\u00f3n; cuando puede relacionarse con hablantes nativos con un grado suficiente de fluidez y naturalidad de modo que la comunicaci\u00f3n se realice sin esfuerzo por parte de ninguno de los interlocutores y cuando puede producir textos claros y detallados sobre temas diversos as\u00ed como defender un punto de vista sobre temas generales indicando los pros y los contras de las distintas opciones.<\/li>\n<li><b>Nivel C1<\/b>: Se adquiere cuando el estudiante es capaz de comprender una amplia variedad de textos extensos y con cierto nivel de exigencia, as\u00ed como reconocer en ellos sentidos impl\u00edcitos; cuando sabe expresarse de forma fluida y espont\u00e1nea sin muestras muy evidentes de esfuerzo para encontrar la expresi\u00f3n adecuada; cuando puede hacer un uso flexible y efectivo del idioma para fines sociales, acad\u00e9micos y profesionales y cuando puede producir textos claros, bien estructurados y detallados sobre temas de cierta complejidad, mostrando un uso correcto de los mecanismos de organizaci\u00f3n, articulaci\u00f3n y cohesi\u00f3n del texto.<\/li>\n<li><b>Nivel C2<\/b>: Se adquiere cuando el estudiante es capaz de comprender con facilidad pr\u00e1cticamente todo lo que oye o lee; cuando sabe reconstruir la informaci\u00f3n y los argumentos procedentes de diversas fuentes, ya sean en lengua hablada o escrita, y presentarlos de manera coherente y resumida y cuando puede expresarse espont\u00e1neamente, con gran fluidez y con un grado de precisi\u00f3n que le permite diferenciar peque\u00f1os matices de significado incluso en situaciones de mayor complejidad.<\/li>\n<\/ul>\n<p>[\/vc_column_text][\/vc_tab][vc_tab title=\u00bbPathway\u00bb tab_id=\u00bb1540138815699-3-91543255536469&#8243;][vc_column_text]<\/p>\n<h3>\u00bfQU\u00c9 NIVEL TE GUSTAR\u00cdA ALCANZAR?<\/h3>\n<p>Si ten\u00e9s una meta, ten\u00e9s un camino. En\u00a0<b>Cultural Inglesa de Palermo<\/b>\u00a0te ayudamos a dise\u00f1ar el camino para alcanzar tu meta.<\/p>\n<p>\u00a1Segu\u00ed nuestro pathway y habl\u00e1 ingl\u00e9s como siempre quisiste!<\/p>\n<h3>NUESTROS SUBNIVELES O PATHWAY<\/h3>\n<p>[\/vc_column_text][vc_column_text]<\/p>\n<table class=\"courses-list pathway\">\n<thead>\n<tr>\n<td>Nivel CEFR<\/td>\n<td>Subnivel<\/td>\n<td>Adults<\/td>\n<td>Teens<\/td>\n<td>Pre-Teens<\/td>\n<td>Kids<\/td>\n<\/tr>\n<\/thead>\n<tbody>\n<tr class=\"strong\">\n<td><\/td>\n<td>Yearly\/Termly<\/td>\n<td>Yearly<\/td>\n<td>Yearly<\/td>\n<td>Yearly<\/td>\n<td>Yearly<\/td>\n<\/tr>\n<tr>\n<td rowspan=\"2\">A1<\/td>\n<td>Breakthrough 1<\/td>\n<td>Beginners inicial<\/td>\n<td>Senior 1<\/td>\n<td><\/td>\n<td>Kids 1<\/td>\n<\/tr>\n<tr>\n<td>Breakthrough 2<\/td>\n<td>Beginners plus<\/td>\n<td>Senior 2<\/td>\n<td>New Trends 1<\/td>\n<td>Kids 2<\/td>\n<\/tr>\n<tr>\n<td rowspan=\"2\">A2<\/td>\n<td>Waystage 1<\/td>\n<td>Pre-intermediate<\/td>\n<td>Senior 3<\/td>\n<td>New Trends 2<\/td>\n<td>Kids 3<\/td>\n<\/tr>\n<tr>\n<td>Waystage 2<\/td>\n<td>Lower-Intermediate<\/td>\n<td>Senior 4<\/td>\n<td>New Trends 3<\/td>\n<td>Kids 4<\/td>\n<\/tr>\n<tr>\n<td rowspan=\"2\">B1<\/td>\n<td>Threshold 1<\/td>\n<td>Intermediate<\/td>\n<td>Senior 5<\/td>\n<td>New Trends 4<\/td>\n<td><\/td>\n<\/tr>\n<tr>\n<td>Threshold 2<\/td>\n<td>Upper-Intermediate<\/td>\n<td>Pre FCE<\/td>\n<td><\/td>\n<td><\/td>\n<\/tr>\n<tr>\n<td rowspan=\"2\">B2<\/td>\n<td>Vantage 1<\/td>\n<td>Upper 2<\/td>\n<td>FCE 1<\/td>\n<td><\/td>\n<td><\/td>\n<\/tr>\n<tr>\n<td>Vantage 2<\/td>\n<td>Upper 2 plus<\/td>\n<td>FCE 2<\/td>\n<td><\/td>\n<td><\/td>\n<\/tr>\n<tr>\n<td rowspan=\"2\">C1<\/td>\n<td>Effective Operational Proficiency 1<\/td>\n<td>Advanced 1<\/td>\n<td><\/td>\n<td><\/td>\n<td><\/td>\n<\/tr>\n<tr>\n<td>Effective Operational Proficiency 2<\/td>\n<td>Advanced 2<\/td>\n<td><\/td>\n<td><\/td>\n<td><\/td>\n<\/tr>\n<tr>\n<td rowspan=\"2\">C2<\/td>\n<td>Mastery 1<\/td>\n<td>Towards Proficiency<\/td>\n<td><\/td>\n<td><\/td>\n<td><\/td>\n<\/tr>\n<tr>\n<td>Mastery 2<\/td>\n<td>Proficiency<\/td>\n<td><\/td>\n<td><\/td>\n<td><\/td>\n<\/tr>\n<\/tbody>\n<\/table>\n<p>[\/vc_column_text][\/vc_tab][vc_tab title=\u00bbPlanes de Estudio\u00bb tab_id=\u00bb1540139167066-4-11543255536469&#8243;][vc_row_inner][vc_column_inner width=\u00bb1\/3&#8243;][vc_single_image media=\u00bb485&#8243; media_width_percent=\u00bb100&#8243; alignment=\u00bbcenter\u00bb media_link=\u00bburl:https%3A%2F%2Fculturalpalermo.com%2Fhome%2Fwp-content%2Fuploads%2F2018%2F10%2Fcip_planes_de_estudio_ingles.pdf||target:%20_blank|\u00bb][\/vc_column_inner][vc_column_inner column_width_percent=\u00bb100&#8243; gutter_size=\u00bb3&#8243; overlay_alpha=\u00bb50&#8243; medium_width=\u00bb0&#8243; mobile_width=\u00bb0&#8243; shift_x=\u00bb0&#8243; shift_y=\u00bb0&#8243; shift_y_down=\u00bb0&#8243; z_index=\u00bb0&#8243; width=\u00bb2\/3&#8243;][vc_column_text]<\/p>\n<h3>PLANES DE ESTUDIO<\/h3>\n<h4>Descarga la versi\u00f3n completa de los planes de estudio de la Cultural Inglesa de Palermo<\/h4>\n<p>Este documento es de descarga gratuita e incluye la tabla de contenidos m\u00ednimos para cada nivel de estudio.[\/vc_column_text][vc_button button_color=\u00bbcolor-178778&#8243; radius=\u00bbbtn-square\u00bb outline=\u00bbyes\u00bb border_width=\u00bb0&#8243; link=\u00bburl:https%3A%2F%2Fculturalpalermo.com%2Fhome%2Fwp-content%2Fuploads%2F2018%2F10%2Fcip_planes_de_estudio_ingles.pdf||target:%20_blank|\u00bb icon=\u00bbfa fa-file-pdf-o\u00bb]Descargar Planes de Estudio[\/vc_button][\/vc_column_inner][\/vc_row_inner][\/vc_tab][vc_tab title=\u00bbEx\u00e1menes Internacionales\u00bb tab_id=\u00bb1540140226597-5-61543255536469&#8243;][vc_button button_color=\u00bbcolor-178778&#8243; radius=\u00bbbtn-square\u00bb outline=\u00bbyes\u00bb border_width=\u00bb0&#8243; link=\u00bburl:https%3A%2F%2Fculturalpalermo.com%2Fhome%2Fwp-content%2Fuploads%2F2018%2F10%2Fflyer-trinity.pdf||target:%20_blank|\u00bb icon=\u00bbfa fa-file-pdf-o\u00bb]DESCARGAR EL FLYER COMPLETO[\/vc_button][vc_row_inner][vc_column_inner width=\u00bb1\/2&#8243;][vc_single_image media=\u00bb484&#8243; media_lightbox=\u00bbyes\u00bb media_width_percent=\u00bb100&#8243; alignment=\u00bbcenter\u00bb media_link=\u00bb||target:%20_blank|\u00bb][\/vc_column_inner][vc_column_inner column_width_percent=\u00bb100&#8243; gutter_size=\u00bb3&#8243; overlay_alpha=\u00bb50&#8243; medium_width=\u00bb0&#8243; mobile_width=\u00bb0&#8243; shift_x=\u00bb0&#8243; shift_y=\u00bb0&#8243; shift_y_down=\u00bb0&#8243; z_index=\u00bb0&#8243; width=\u00bb1\/2&#8243;][vc_single_image media=\u00bb483&#8243; media_lightbox=\u00bbyes\u00bb media_width_percent=\u00bb100&#8243; alignment=\u00bbcenter\u00bb media_link=\u00bb||target:%20_blank|\u00bb][\/vc_column_inner][\/vc_row_inner][\/vc_tab][vc_tab title=\u00bbActividades Sociales\u00bb tab_id=\u00bb1540140476694-6-71543255536469&#8243;][vc_row_inner row_inner_height_percent=\u00bb0&#8243; overlay_alpha=\u00bb50&#8243; gutter_size=\u00bb3&#8243; shift_y=\u00bb0&#8243; z_index=\u00bb0&#8243; border_color=\u00bbcolor-256324&#8243; border_style=\u00bbsolid\u00bb css=\u00bb.vc_custom_1540141068773{margin-bottom: 36px !important;}\u00bb][vc_column_inner width=\u00bb1\/4&#8243;][vc_single_image media=\u00bb482&#8243; media_width_percent=\u00bb100&#8243;][\/vc_column_inner][vc_column_inner column_width_percent=\u00bb100&#8243; gutter_size=\u00bb3&#8243; overlay_alpha=\u00bb50&#8243; border_color=\u00bbcolor-167872&#8243; border_style=\u00bbdotted\u00bb medium_width=\u00bb0&#8243; mobile_width=\u00bb0&#8243; shift_x=\u00bb0&#8243; shift_y=\u00bb0&#8243; shift_y_down=\u00bb0&#8243; z_index=\u00bb0&#8243; width=\u00bb3\/4&#8243; css=\u00bb.vc_custom_1540141123032{border-bottom-width: 1px !important;padding-bottom: 16px !important;}\u00bb][vc_column_text]<\/p>\n<h4>FREE CONVERSATION CLUB<\/h4>\n<p>Come along to our Free Conversation Club and improve your English in a relaxed atmosphere. It&#8217;s also a great way to meet other students. It\u2019s free and open to all the students.[\/vc_column_text][\/vc_column_inner][\/vc_row_inner][vc_row_inner row_inner_height_percent=\u00bb0&#8243; overlay_alpha=\u00bb50&#8243; gutter_size=\u00bb3&#8243; shift_y=\u00bb0&#8243; z_index=\u00bb0&#8243; css=\u00bb.vc_custom_1540140740748{margin-bottom: 36px !important;}\u00bb][vc_column_inner width=\u00bb1\/4&#8243;][vc_single_image media=\u00bb481&#8243; media_width_percent=\u00bb100&#8243;][\/vc_column_inner][vc_column_inner column_width_percent=\u00bb100&#8243; gutter_size=\u00bb3&#8243; overlay_alpha=\u00bb50&#8243; border_color=\u00bbcolor-167872&#8243; border_style=\u00bbdotted\u00bb medium_width=\u00bb0&#8243; mobile_width=\u00bb0&#8243; shift_x=\u00bb0&#8243; shift_y=\u00bb0&#8243; shift_y_down=\u00bb0&#8243; z_index=\u00bb0&#8243; width=\u00bb3\/4&#8243; css=\u00bb.vc_custom_1540141161514{border-bottom-width: 1px !important;padding-bottom: 16px !important;}\u00bb][vc_column_text]<\/p>\n<h4>VISITAS GUIADAS<\/h4>\n<p>Come and wander around Rosedal and Museo S\u00edvori. Art, animals, history&#8230; All in one place! It&#8217;s also a great way to meet other students.[\/vc_column_text][\/vc_column_inner][\/vc_row_inner][vc_row_inner row_inner_height_percent=\u00bb0&#8243; overlay_alpha=\u00bb50&#8243; gutter_size=\u00bb3&#8243; shift_y=\u00bb0&#8243; z_index=\u00bb0&#8243; css=\u00bb.vc_custom_1540140750445{margin-bottom: 36px !important;}\u00bb][vc_column_inner width=\u00bb1\/4&#8243;][vc_single_image media=\u00bb480&#8243; media_width_percent=\u00bb100&#8243;][\/vc_column_inner][vc_column_inner column_width_percent=\u00bb100&#8243; gutter_size=\u00bb3&#8243; overlay_alpha=\u00bb50&#8243; border_color=\u00bbcolor-167872&#8243; border_style=\u00bbdotted\u00bb medium_width=\u00bb0&#8243; mobile_width=\u00bb0&#8243; shift_x=\u00bb0&#8243; shift_y=\u00bb0&#8243; shift_y_down=\u00bb0&#8243; z_index=\u00bb0&#8243; width=\u00bb3\/4&#8243; css=\u00bb.vc_custom_1540141181194{border-bottom-width: 1px !important;padding-bottom: 16px !important;}\u00bb][vc_column_text]<\/p>\n<h4>TEATRO EN INGL\u00c9S<\/h4>\n<p>Para hablar ingl\u00e9s y conocer gente que tenga los mismos intereses que vos, te acercamos oferta de obras de teatro en ingl\u00e9s en la Ciudad de Buenos Aires, a cargo de la compa\u00f1\u00eda The Buenos Aires Players.<\/p>\n<p>Tambi\u00e9n obras para chicos, para que aprender ingl\u00e9s tambi\u00e9n sea una actividad en familia.<\/p>\n<p>Para conocer fechas y costos de las entradas visit\u00e1 la p\u00e1gina web:\u00a0<a href=\"http:\/\/www.baplayers.com\/\" target=\"_blank\" rel=\"noopener\">http:\/\/www.baplayers.com<\/a>[\/vc_column_text][\/vc_column_inner][\/vc_row_inner][vc_row_inner][vc_column_inner width=\u00bb1\/4&#8243;][vc_single_image media=\u00bb479&#8243; media_width_percent=\u00bb100&#8243;][\/vc_column_inner][vc_column_inner column_width_percent=\u00bb100&#8243; gutter_size=\u00bb3&#8243; overlay_alpha=\u00bb50&#8243; border_color=\u00bbcolor-167872&#8243; border_style=\u00bbdotted\u00bb medium_width=\u00bb0&#8243; mobile_width=\u00bb0&#8243; shift_x=\u00bb0&#8243; shift_y=\u00bb0&#8243; shift_y_down=\u00bb0&#8243; z_index=\u00bb0&#8243; width=\u00bb3\/4&#8243; css=\u00bb.vc_custom_1540141198414{border-bottom-width: 1px !important;padding-bottom: 16px !important;}\u00bb][vc_column_text]<\/p>\n<h4>PARA LOS M\u00c1S CHICOS<\/h4>\n<p><b>Story telling<\/b>.<\/p>\n<p>Enterate de nuestro pr\u00f3ximo encuentro v\u00eda nota en el cuaderno. Atenci\u00f3n: \u00a1Los hermanitos y hermanitas est\u00e1n invitados!<\/p>\n<p>Actividad abierta a todos los chicos de nuestro instituto, tanto alumnos como hijos de alumnos, sin costo adicional.[\/vc_column_text][\/vc_column_inner][\/vc_row_inner][\/vc_tab][\/vc_tabs][\/vc_column][\/vc_row][vc_row row_height_percent=\u00bb0&#8243; override_padding=\u00bbyes\u00bb h_padding=\u00bb1&#8243; top_padding=\u00bb2&#8243; bottom_padding=\u00bb2&#8243; back_color=\u00bbcolor-167872&#8243; overlay_alpha=\u00bb50&#8243; gutter_size=\u00bb3&#8243; column_width_percent=\u00bb100&#8243; shift_y=\u00bb0&#8243; z_index=\u00bb0&#8243; css=\u00bb.vc_custom_1549463635718{margin-top: 0px !important;}\u00bb][vc_column column_width_percent=\u00bb100&#8243; align_horizontal=\u00bbalign_center\u00bb overlay_alpha=\u00bb50&#8243; gutter_size=\u00bb2&#8243; medium_width=\u00bb0&#8243; mobile_width=\u00bb0&#8243; shift_x=\u00bb0&#8243; shift_y=\u00bb0&#8243; shift_y_down=\u00bb0&#8243; z_index=\u00bb0&#8243; width=\u00bb1\/1&#8243;][vc_custom_heading heading_semantic=\u00bbh4&#8243; text_size=\u00bb\u00bb text_transform=\u00bbuppercase\u00bb text_color=\u00bbcolor-178778&#8243; sub_reduced=\u00bbyes\u00bb subheading=\u00bbPara conocer tu nivel de conocimientos de ingl\u00e9s, realiz\u00e1 nuestro Placement Test sin cargo.\u00bb]Placement Test[\/vc_custom_heading][vc_button button_color=\u00bbcolor-119590&#8243; size=\u00bbbtn-lg\u00bb radius=\u00bbbtn-square\u00bb outline=\u00bbyes\u00bb border_width=\u00bb0&#8243; link=\u00bburl:https%3A%2F%2Fculturalpalermo.com%2Fhome%2Fenglish-placement-test%2F||target:%20_blank|\u00bb icon=\u00bbfa fa-check\u00bb]INGRES\u00c1 EN NUESTRO PLACEMENT TEST DE INGL\u00c9S Y CONOC\u00c9 TU NIVEL[\/vc_button][\/vc_column][\/vc_row][vc_row row_height_percent=\u00bb0&#8243; overlay_alpha=\u00bb50&#8243; gutter_size=\u00bb3&#8243; column_width_percent=\u00bb100&#8243; shift_y=\u00bb0&#8243; z_index=\u00bb0&#8243; css=\u00bb.vc_custom_1541552237273{margin-bottom: -36px !important;}\u00bb][vc_column column_width_percent=\u00bb100&#8243; align_horizontal=\u00bbalign_center\u00bb overlay_alpha=\u00bb50&#8243; gutter_size=\u00bb3&#8243; medium_width=\u00bb0&#8243; mobile_width=\u00bb0&#8243; shift_x=\u00bb0&#8243; shift_y=\u00bb0&#8243; shift_y_down=\u00bb0&#8243; z_index=\u00bb0&#8243; width=\u00bb1\/1&#8243;][vc_column_text]La oferta horaria puede sufrir alguna modificaci\u00f3n, a los efectos de garantizarle a los alumnos una formaci\u00f3n de excelencia.<br \/>\nClases Din\u00e1micas con esp\u00edritu innovador enfocadas principalmente en la comunicaci\u00f3n. Ex\u00e1menes finales arancelados.[\/vc_column_text][vc_custom_heading heading_semantic=\u00bbh3&#8243; text_size=\u00bbh3&#8243; text_color=\u00bbaccent\u00bb]OFERTA HORARIA &#8211; PRIMER y SEGUNDO CUATRIMESTRE 2024[\/vc_custom_heading][\/vc_column][\/vc_row]<\/p>\n","protected":false},"excerpt":{"rendered":"<p>[vc_row unlock_row=\u00bb\u00bb row_height_percent=\u00bb0&#8243; override_padding=\u00bbyes\u00bb h_padding=\u00bb0&#8243; top_padding=\u00bb0&#8243; bottom_padding=\u00bb0&#8243; overlay_alpha=\u00bb50&#8243; gutter_size=\u00bb3&#8243; column_width_percent=\u00bb100&#8243; shift_y=\u00bb0&#8243; z_index=\u00bb0&#8243; css=\u00bb.vc_custom_1538154742397{margin-top: -15px !important;padding-top: 15px !important;padding-right: 15px !important;padding-bottom: 15px [&hellip;]<\/p>\n","protected":false},"author":1,"featured_media":0,"parent":0,"menu_order":0,"comment_status":"closed","ping_status":"closed","template":"","meta":{"_joinchat":[],"footnotes":""},"class_list":["post-571","page","type-page","status-publish","hentry"],"_links":{"self":[{"href":"https:\/\/culturalpalermo.com\/home\/wp-json\/wp\/v2\/pages\/571","targetHints":{"allow":["GET"]}}],"collection":[{"href":"https:\/\/culturalpalermo.com\/home\/wp-json\/wp\/v2\/pages"}],"about":[{"href":"https:\/\/culturalpalermo.com\/home\/wp-json\/wp\/v2\/types\/page"}],"author":[{"embeddable":true,"href":"https:\/\/culturalpalermo.com\/home\/wp-json\/wp\/v2\/users\/1"}],"replies":[{"embeddable":true,"href":"https:\/\/culturalpalermo.com\/home\/wp-json\/wp\/v2\/comments?post=571"}],"version-history":[{"count":79,"href":"https:\/\/culturalpalermo.com\/home\/wp-json\/wp\/v2\/pages\/571\/revisions"}],"predecessor-version":[{"id":1179,"href":"https:\/\/culturalpalermo.com\/home\/wp-json\/wp\/v2\/pages\/571\/revisions\/1179"}],"wp:attachment":[{"href":"https:\/\/culturalpalermo.com\/home\/wp-json\/wp\/v2\/media?parent=571"}],"curies":[{"name":"wp","href":"https:\/\/api.w.org\/{rel}","templated":true}]}}