{"id":661,"date":"2018-11-23T12:39:39","date_gmt":"2018-11-23T15:39:39","guid":{"rendered":"https:\/\/culturalpalermo.com\/home\/?page_id=661"},"modified":"2022-11-16T13:13:22","modified_gmt":"2022-11-16T16:13:22","slug":"laboral","status":"publish","type":"page","link":"https:\/\/culturalpalermo.com\/home\/laboral\/","title":{"rendered":"B\u00fasqueda Laboral"},"content":{"rendered":"<p>[vc_row row_height_percent=\u00bb0&#8243; overlay_alpha=\u00bb50&#8243; equal_height=\u00bbyes\u00bb gutter_size=\u00bb3&#8243; column_width_percent=\u00bb100&#8243; shift_y=\u00bb0&#8243; z_index=\u00bb0&#8243;][vc_column width=\u00bb2\/3&#8243;][vc_custom_heading text_color=\u00bbaccent\u00bb]B\u00fasqueda Laboral[\/vc_custom_heading][vc_column_text]<strong>La Cultural Inglesa de Palermo<\/strong>, <strong>Carreras Empresariales<\/strong>, te ofrece un excelente, r\u00e1pido y novedoso sistema de Inserci\u00f3n Laboral. Las distintas b\u00fasquedas se realizan para cubrir puestos efectivos o para alguna de las nuevas modalidades de contrataci\u00f3n directa con la Empresa. Estas oportunidades laborales se actualizan permanentemente y son exclusivas para nuestros Graduados y Alumnos.<\/p>\n<p><strong>Para m\u00e1s informaci\u00f3n, comunicate con nosotros a trav\u00e9s del <a href=\"https:\/\/culturalpalermo.com\/home\/contacto\/\">formulario de contacto<\/a>, haciendo menci\u00f3n al t\u00edtulo del aviso. En la Cultural Inglesa de Palermo, vivenci\u00e1 en cada una de las materias la aplicaci\u00f3n de los conocimientos adquiridos mediante an\u00e1lisis de casos y trabajos de campo, lo que favorecer\u00e1 tu inserci\u00f3n laboral.<\/strong>[\/vc_column_text][vc_column_text]<strong>Si sos teacher y queres formar parte de nuestro staff, envianos tu curr\u00edculum, adjunt\u00e1ndolo v\u00eda email a <a href=\"mailto:cultpalermo@gmail.com\" target=\"_blank\" rel=\"noopener\">cultpalermo@gmail.com<\/a><\/strong><\/p>\n<p><strong>\u00a1Muchas gracias!<\/strong>[\/vc_column_text][\/vc_column][vc_column column_width_percent=\u00bb100&#8243; overlay_alpha=\u00bb50&#8243; gutter_size=\u00bb3&#8243; medium_width=\u00bb0&#8243; mobile_width=\u00bb0&#8243; shift_x=\u00bb0&#8243; shift_y=\u00bb0&#8243; shift_y_down=\u00bb0&#8243; z_index=\u00bb0&#8243; width=\u00bb1\/3&#8243;][vc_single_image media=\u00bb666&#8243; media_width_percent=\u00bb100&#8243;][\/vc_column][\/vc_row][vc_row][vc_column width=\u00bb1\/1&#8243;][uncode_block id=\u00bb719&#8243;][\/vc_column][\/vc_row]<\/p>\n","protected":false},"excerpt":{"rendered":"<p>[vc_row row_height_percent=\u00bb0&#8243; overlay_alpha=\u00bb50&#8243; equal_height=\u00bbyes\u00bb gutter_size=\u00bb3&#8243; column_width_percent=\u00bb100&#8243; shift_y=\u00bb0&#8243; z_index=\u00bb0&#8243;][vc_column width=\u00bb2\/3&#8243;][vc_custom_heading text_color=\u00bbaccent\u00bb]B\u00fasqueda Laboral[\/vc_custom_heading][vc_column_text]La Cultural Inglesa de Palermo, Carreras Empresariales, te ofrece un [&hellip;]<\/p>\n","protected":false},"author":1,"featured_media":0,"parent":0,"menu_order":0,"comment_status":"closed","ping_status":"closed","template":"","meta":{"_joinchat":[],"footnotes":""},"class_list":["post-661","page","type-page","status-publish","hentry"],"_links":{"self":[{"href":"https:\/\/culturalpalermo.com\/home\/wp-json\/wp\/v2\/pages\/661","targetHints":{"allow":["GET"]}}],"collection":[{"href":"https:\/\/culturalpalermo.com\/home\/wp-json\/wp\/v2\/pages"}],"about":[{"href":"https:\/\/culturalpalermo.com\/home\/wp-json\/wp\/v2\/types\/page"}],"author":[{"embeddable":true,"href":"https:\/\/culturalpalermo.com\/home\/wp-json\/wp\/v2\/users\/1"}],"replies":[{"embeddable":true,"href":"https:\/\/culturalpalermo.com\/home\/wp-json\/wp\/v2\/comments?post=661"}],"version-history":[{"count":22,"href":"https:\/\/culturalpalermo.com\/home\/wp-json\/wp\/v2\/pages\/661\/revisions"}],"predecessor-version":[{"id":1153,"href":"https:\/\/culturalpalermo.com\/home\/wp-json\/wp\/v2\/pages\/661\/revisions\/1153"}],"wp:attachment":[{"href":"https:\/\/culturalpalermo.com\/home\/wp-json\/wp\/v2\/media?parent=661"}],"curies":[{"name":"wp","href":"https:\/\/api.w.org\/{rel}","templated":true}]}}